{"id":14,"date":"2008-08-24T16:58:04","date_gmt":"2008-08-24T16:58:04","guid":{"rendered":"http:\/\/steinvill.no\/?page_id=14"},"modified":"2019-05-05T20:20:48","modified_gmt":"2019-05-05T18:20:48","slug":"utleie-kurs","status":"publish","type":"page","link":"http:\/\/steinvill.no\/?page_id=14","title":{"rendered":"Utleie"},"content":{"rendered":"<p>Kajakk &amp; Kano utleie<\/p>\n<table cellpadding=\"0\" border=\"0\" align=\"left\">\n<tbody>\n<tr>\n<td>\n<table width=\"456\" cellspacing=\"0\" cellpadding=\"0\" border=\"0\" align=\"left\">\n<tbody>\n<tr>\n<td width=\"265\"><strong>Kajakk<\/strong><\/td>\n<td width=\"65\">\n<p align=\"center\"><strong>1 dag<\/strong><\/p>\n<\/td>\n<td width=\"65\">\n<p align=\"center\"><strong>2 dag <\/strong><\/p>\n<\/td>\n<td width=\"38\"><strong>&nbsp;<\/strong><\/td>\n<td width=\"58\" valign=\"top\">\n<p align=\"center\"><strong>1 uke<\/strong><\/p>\n<\/td>\n<\/tr>\n<tr>\n<td width=\"265\" valign=\"top\">Padlevester (er inkl. i b\u00e5t leie)<br \/>\nRedningsvester<br \/>\nKano\/kajakk tralle, sammenleggbar<br \/>\nPakksekker, store<br \/>\nPakksekker, medium<br \/>\nKartmappe, vanntett<br \/>\n&laquo;Mobil&raquo; pose, vanntett<br \/>\nVannposer 10 liter<br \/>\nSammenleggbar balje<br \/>\nSydvest<br \/>\nDrikkeflasker<br \/>\nFiskesn\u00f8rer<\/td>\n<td width=\"43\" valign=\"top\">\n<p align=\"center\">50<br \/>\n50<br \/>\n50<br \/>\n30<br \/>\n20<br \/>\n20<br \/>\n20<br \/>\n20<br \/>\n20<br \/>\n20<br \/>\n10<br \/>\n20<\/td>\n<td width=\"43\" valign=\"top\">\n<p align=\"center\">75<br \/>\n50<br \/>\n100<br \/>\n30<br \/>\n20<br \/>\n20<br \/>\n20<br \/>\n20<br \/>\n20<br \/>\n20<br \/>\n10<br \/>\n20<\/td>\n<td width=\"38\" valign=\"top\"><\/td>\n<td width=\"58\">\n<p align=\"center\">100<br \/>\n70<br \/>\n300<br \/>\n70<br \/>\n70<br \/>\n50<br \/>\n50<br \/>\n50<br \/>\n50<br \/>\n50<br \/>\n20<br \/>\n30<\/td>\n<\/tr>\n<tr>\n<td colspan=\"5\"><strong>B\u00e5ter leies ut p\u00e5 eget ansvar. Leietaker er selv ansvarlig for \u00e5 vurdere sine evner, helse og sv\u00f8mmedyktighet.<\/strong><\/td>\n<\/tr>\n<tr>\n<td colspan=\"5\"><\/td>\n<\/tr>\n<\/tbody>\n<\/table>\n<\/td>\n<\/tr>\n<tr>\n<td>\n<table width=\"456\" cellspacing=\"0\" cellpadding=\"0\" border=\"0\" align=\"left\">\n<tbody>\n<tr>\n<td width=\"265\"><strong>Telt \/ turutstyr<\/strong><\/td>\n<td width=\"65\">\n<p align=\"center\"><strong>1 dag<\/strong><\/p>\n<\/td>\n<td width=\"65\">\n<p align=\"center\"><strong>2 dag <\/strong><\/p>\n<\/td>\n<td width=\"36\"><strong>&nbsp;<\/strong><\/td>\n<td width=\"60\">\n<p align=\"center\"><strong>1 uke<\/strong><\/p>\n<\/td>\n<\/tr>\n<tr>\n<td width=\"204\" valign=\"top\">Lavvo 14 manns<br \/>\nLavvo bunn til teltet<br \/>\nLavvo innertelt (vinterbruk)<br \/>\nLevegg til 14 mannslavvo<br \/>\nFjelltelt 3 manns<br \/>\nStormkj\u00f8kken m\/gassbrenner<br \/>\nBrennstofflasker<br \/>\nDrikkeflasker<br \/>\nGassbokser<br \/>\nKjeler \/ kaffekjeler etc.<br \/>\nSt\u00e5ltermos<br \/>\nB\u00e5lpanne liten m\/kjelestativ<br \/>\nB\u00e5lpanne m\/lavo vedovn<br \/>\nSn\u00f8spade, sammenleggbar<br \/>\nStore akebrett<br \/>\nUllpledd<br \/>\nHodelykter u\/batteri<br \/>\nAsjetter &#8211; diverse<br \/>\nUknusbare glass<br \/>\nUknusbare vinglass<br \/>\nKaffekrus i st\u00e5l<\/td>\n<td width=\"65\" valign=\"top\">\n<p align=\"center\">900<br \/>\n200<br \/>\n300<br \/>\n150<br \/>\n250<br \/>\n80<br \/>\n10<br \/>\n10<br \/>\n70<br \/>\n20<br \/>\n10<br \/>\n100<br \/>\n150<br \/>\n30<br \/>\n100<br \/>\n20<br \/>\n50<br \/>\n5<br \/>\n5<br \/>\n5<br \/>\n10<\/td>\n<td width=\"65\" valign=\"top\">\n<p align=\"center\">900<br \/>\n200<br \/>\n400<br \/>\n200<br \/>\n350<br \/>\n80<br \/>\n15<br \/>\n15<br \/>\n70<br \/>\n50<br \/>\n20<br \/>\n200<br \/>\n250<br \/>\n50<br \/>\n150<br \/>\n30<br \/>\n75<br \/>\n10<br \/>\n10<br \/>\n10<br \/>\n15<\/td>\n<td width=\"38\" valign=\"top\"><\/td>\n<td width=\"87\" valign=\"top\">\n<p align=\"center\">1300<br \/>\n300<br \/>\n600<br \/>\n300<br \/>\n500<br \/>\n100<br \/>\n20<br \/>\n20<br \/>\n70<br \/>\n100<br \/>\n30<br \/>\n300<br \/>\n350<br \/>\n80<br \/>\n200<br \/>\n50<br \/>\n100<br \/>\n15<br \/>\n15<br \/>\n15<br \/>\n20<\/td>\n<\/tr>\n<\/tbody>\n<\/table>\n<\/td>\n<\/tr>\n<tr>\n<td>\n<table width=\"456\" cellspacing=\"0\" cellpadding=\"0\" border=\"0\" align=\"left\">\n<tbody>\n<tr>\n<td width=\"265\"><strong>Klatreutstyr<\/strong><\/td>\n<td width=\"65\">\n<p align=\"center\"><strong>1 dag<\/strong><\/p>\n<\/td>\n<td width=\"65\">\n<p align=\"center\"><strong>2 dag <\/strong><\/p>\n<\/td>\n<td width=\"38\"><strong>&nbsp;<\/strong><\/td>\n<td width=\"87\">\n<p align=\"center\"><strong>1 uke<\/strong><\/p>\n<\/td>\n<\/tr>\n<tr>\n<td width=\"265\" valign=\"top\">Sittesele<br \/>\nSvasko<br \/>\nHjelm<br \/>\nSkrukarabiner<br \/>\nGri-gri<br \/>\n2 karabiner m\/ kort slynge<br \/>\nFriends<br \/>\nWallnuts sett<br \/>\nSlynger<br \/>\nRappell\u00e5ttere + prusik<br \/>\nTau \u2013 50 m 10,5 m m.<br \/>\nTau \u2013 25 m 10,5 m m.<\/td>\n<td width=\"65\" valign=\"top\">\n<p align=\"center\">40<br \/>\n50<br \/>\n30<br \/>\n15<br \/>\n40<br \/>\n20<br \/>\n40<br \/>\n40<br \/>\n5<br \/>\n20<br \/>\n200<br \/>\n150<\/td>\n<td width=\"65\" valign=\"top\">\n<p align=\"center\">60<br \/>\n80<br \/>\n50<br \/>\n25<br \/>\n60<br \/>\n30<br \/>\n60<br \/>\n60<br \/>\n10<br \/>\n30<br \/>\n300<br \/>\n200<\/td>\n<td width=\"38\" valign=\"top\"><\/td>\n<td width=\"87\" valign=\"top\">\n<p align=\"center\">100<br \/>\n150<br \/>\n90<br \/>\n35<br \/>\n100<br \/>\n50<br \/>\n100<br \/>\n100<br \/>\n20<br \/>\n50<br \/>\n400<br \/>\n300<\/td>\n<\/tr>\n<tr>\n<td colspan=\"5\"><strong>Klatreutstyr leies ut p\u00e5 eget ansvar. Leietaker er selv ansvarlig for \u00e5 vurdere sine evner, helse og ferdigheter.<\/strong><\/td>\n<\/tr>\n<\/tbody>\n<\/table>\n<\/td>\n<\/tr>\n<\/tbody>\n<\/table>\n","protected":false},"excerpt":{"rendered":"<p>Kajakk &amp; Kano utleie Kajakk 1 dag 2 dag &nbsp; 1 uke Padlevester (er inkl. i b\u00e5t leie) Redningsvester Kano\/kajakk tralle, sammenleggbar Pakksekker, store Pakksekker, medium Kartmappe, vanntett &laquo;Mobil&raquo; pose, &#8230;<\/p>\n","protected":false},"author":2,"featured_media":0,"parent":0,"menu_order":4,"comment_status":"closed","ping_status":"open","template":"","meta":{"footnotes":""},"class_list":["post-14","page","type-page","status-publish","hentry"],"_links":{"self":[{"href":"http:\/\/steinvill.no\/index.php?rest_route=\/wp\/v2\/pages\/14","targetHints":{"allow":["GET"]}}],"collection":[{"href":"http:\/\/steinvill.no\/index.php?rest_route=\/wp\/v2\/pages"}],"about":[{"href":"http:\/\/steinvill.no\/index.php?rest_route=\/wp\/v2\/types\/page"}],"author":[{"embeddable":true,"href":"http:\/\/steinvill.no\/index.php?rest_route=\/wp\/v2\/users\/2"}],"replies":[{"embeddable":true,"href":"http:\/\/steinvill.no\/index.php?rest_route=%2Fwp%2Fv2%2Fcomments&post=14"}],"version-history":[{"count":15,"href":"http:\/\/steinvill.no\/index.php?rest_route=\/wp\/v2\/pages\/14\/revisions"}],"predecessor-version":[{"id":2438,"href":"http:\/\/steinvill.no\/index.php?rest_route=\/wp\/v2\/pages\/14\/revisions\/2438"}],"wp:attachment":[{"href":"http:\/\/steinvill.no\/index.php?rest_route=%2Fwp%2Fv2%2Fmedia&parent=14"}],"curies":[{"name":"wp","href":"https:\/\/api.w.org\/{rel}","templated":true}]}}